{"id":144,"date":"2025-02-05T16:50:57","date_gmt":"2025-02-05T15:50:57","guid":{"rendered":"https:\/\/blog.feher-momcare.de\/?post_type=product&#038;p=144"},"modified":"2026-02-17T07:24:34","modified_gmt":"2026-02-17T06:24:34","slug":"lernbuch-mit-kitabox","status":"publish","type":"product","link":"https:\/\/kitafuchs.com\/?product=lernbuch-mit-kitabox","title":{"rendered":"Kitafuchs Lernbuch mit Starter- Box"},"content":{"rendered":"<p class=\"p1\"><span class=\"s1\">Starter Box<\/span><\/p>\n<p class=\"p1\"><span class=\"s1\">Die Starter Box ist das ideale Erg\u00e4nzungsset zu unserem \u201eKitafuchs\u201c Lernbuch und bietet eine F\u00fclle an kreativen Materialien, die die Neugier und Lernfreude Ihres Kindes anregen. Diese vielseitige Box unterst\u00fctzt nicht nur die kognitiven F\u00e4higkeiten, sondern f\u00f6rdert auch die Feinmotorik durch spielerisches Lernen.<\/span><\/p>\n<p class=\"p1\"><span class=\"s1\">\u00a0Was ist in der Starter Box enthalten?<\/span><\/p>\n<p class=\"p1\"><span class=\"s1\">&#8211; Pom-Poms zur Farben- und Mengenzuordnung: Diese bunten Pom-Poms sind eine hervorragende M\u00f6glichkeit f\u00fcr Kinder, Farben zu erkennen und Mengen zu verstehen. Durch das Zuordnen der Pom-Poms zu den entsprechenden Zahlen im Lernbuch k\u00f6nnen die Kinder ihre Grundkenntnisse in Mathematik auf spielerische Weise vertiefen.<\/span><\/p>\n<p class=\"p1\"><span class=\"s1\">&#8211; Reagenzgl\u00e4ser mit Farbkarten: In der Box finden Sie Reagenzgl\u00e4ser und Farbkarten, mit denen die Kinder die Perlen in der richtigen Reihenfolge anordnen k\u00f6nnen. Dies f\u00f6rdert nicht nur das logische Denken, sondern schult auch die Hand-Augen-Koordination.<\/span><\/p>\n<p class=\"p1\"><span class=\"s1\">&#8211; Puzzle: Das Puzzle bietet eine weitere kreative Herausforderung und trainiert die Probleml\u00f6sungsf\u00e4higkeiten sowie die Konzentration der Kinder.<\/span><\/p>\n<p class=\"p1\"><span class=\"s1\">&#8211; Knetanleitung zum Selbermachen: Kinder lieben es, kreativ zu sein! Mit unserer Knetanleitung k\u00f6nnen sie ihre eigene Knetmasse aus einer einfachen Mischung aus \u00d6l, Wasser und Mehl herstellen.\u00a0<\/span><\/p>\n<p class=\"p1\"><span class=\"s1\">&#8211; Wieder abwischbarer Filzstift: Der enthaltene Filzstift ist ideal, um die verschiedenen Aktivit\u00e4ten in der Box individuell zu gestalten und immer wieder neue kreative Ideen auszuprobieren.<\/span><\/p>\n<p class=\"p1\"><span class=\"s1\">&#8211; Individuell gestaltbare Box: Die Starter Box kann von den Kindern selbst gestaltet werden, was ihre Kreativit\u00e4t anregt und sie dazu ermutigt, ihre pers\u00f6nliche Note einzubringen.<\/span><\/p>\n<p class=\"p1\"><span class=\"s1\">&#8211; Neue Bastelideen alle 2 Monate: Um die kreativen Impulse frisch zu halten, gibt es alle zwei Monate neue Bastelideen und Anleitungen, die in die Box integriert werden.<\/span><\/p>\n<p class=\"p1\"><span class=\"s1\">&#8211; Pfeifenputzer und Pipette: Pfeifenputzer sind vielseitig einsetzbar f\u00fcr Bastelprojekte und f\u00f6rdern gleichzeitig die Feinmotorik. Die Pipette ist perfekt dazu geeignet, um Fl\u00fcssigkeiten mit Geschicklichkeit zu dosieren und f\u00f6rdert das Verst\u00e4ndnis f\u00fcr wissenschaftliche Experimente.<\/span><\/p>\n<p class=\"p1\"><span class=\"s1\">&#8211; F\u00e4deln von Pom-Poms mit einer Pinzette: Diese Aktivit\u00e4t f\u00f6rdert die Hand-Augen-Koordination und ist ein spa\u00dfiger Weg, um die Feinmotorik der Kinder zu st\u00e4rken.<\/span><\/p>\n<p class=\"p1\"><span class=\"s1\">Die Starter Box ist der perfekte Begleiter f\u00fcr das \u201eKitafuchs\u201c Lernbuch und bietet unz\u00e4hlige M\u00f6glichkeiten f\u00fcr kreatives Lernen. Entdecken Sie mit Ihrem Kind die Welt der Farben,\u00a0 und Zahlen und f\u00f6rdern Sie gleichzeitig wichtige F\u00e4higkeiten \u2013 und das alles spielerisch!<\/span><\/p>\n","protected":false},"excerpt":{"rendered":"<p>Sichern Sie sich den Angebotspreis bis zum 19.5.2025<\/p>\n","protected":false},"featured_media":170,"comment_status":"open","ping_status":"closed","template":"","meta":[],"product_brand":[],"product_cat":[15],"product_tag":[30,27,28,26,29],"class_list":{"0":"post-144","1":"product","2":"type-product","3":"status-publish","4":"has-post-thumbnail","6":"product_cat-unkategorisiert","7":"product_tag-aktivitaeten-ab-3-jahren","8":"product_tag-basteln","9":"product_tag-knete","10":"product_tag-pompoms","11":"product_tag-puzzle","13":"first","14":"instock","15":"featured","16":"shipping-taxable","17":"purchasable","18":"product-type-simple"},"jetpack_sharing_enabled":true,"_links":{"self":[{"href":"https:\/\/kitafuchs.com\/index.php?rest_route=\/wp\/v2\/product\/144","targetHints":{"allow":["GET"]}}],"collection":[{"href":"https:\/\/kitafuchs.com\/index.php?rest_route=\/wp\/v2\/product"}],"about":[{"href":"https:\/\/kitafuchs.com\/index.php?rest_route=\/wp\/v2\/types\/product"}],"replies":[{"embeddable":true,"href":"https:\/\/kitafuchs.com\/index.php?rest_route=%2Fwp%2Fv2%2Fcomments&post=144"}],"wp:featuredmedia":[{"embeddable":true,"href":"https:\/\/kitafuchs.com\/index.php?rest_route=\/wp\/v2\/media\/170"}],"wp:attachment":[{"href":"https:\/\/kitafuchs.com\/index.php?rest_route=%2Fwp%2Fv2%2Fmedia&parent=144"}],"wp:term":[{"taxonomy":"product_brand","embeddable":true,"href":"https:\/\/kitafuchs.com\/index.php?rest_route=%2Fwp%2Fv2%2Fproduct_brand&post=144"},{"taxonomy":"product_cat","embeddable":true,"href":"https:\/\/kitafuchs.com\/index.php?rest_route=%2Fwp%2Fv2%2Fproduct_cat&post=144"},{"taxonomy":"product_tag","embeddable":true,"href":"https:\/\/kitafuchs.com\/index.php?rest_route=%2Fwp%2Fv2%2Fproduct_tag&post=144"}],"curies":[{"name":"wp","href":"https:\/\/api.w.org\/{rel}","templated":true}]}}