{"id":316,"date":"2025-03-18T18:36:32","date_gmt":"2025-03-18T17:36:32","guid":{"rendered":"https:\/\/blog.feher-momcare.de\/?post_type=product&#038;p=316"},"modified":"2025-07-27T13:29:15","modified_gmt":"2025-07-27T11:29:15","slug":"kreative-filztasche-zur-foerderung-der-feinmotorik","status":"publish","type":"product","link":"https:\/\/kitafuchs.com\/?product=kreative-filztasche-zur-foerderung-der-feinmotorik","title":{"rendered":"Kreative Filztasche zur F\u00f6rderung der Feinmotorik!"},"content":{"rendered":"<p>Die bunte Filztasche ist ein vielseitiges Lernspielzeug mit herausnehmbaren Seiten, die mit verschiedenen Verschl\u00fcssen, und Lernm\u00f6glichkeiten ausgestattet ist. Jedes einzelne Element bietet den kleinen Entdeckern die M\u00f6glichkeit, ihre Fingerfertigkeit zu trainieren und die Koordination ihrer Handbewegungen zu verbessern,<\/p>\n","protected":false},"excerpt":{"rendered":"<p>Filztasche ideal f\u00fcr Kinder ab 2,5 Jahren. Inspiriert durch Maria Montessori, die den Kindern die Freiheit bietet, selbst\u00e4ndig zu lernen und ihren individuellen Entfaltungsspielraum zu genie\u00dfen.<\/p>\n","protected":false},"featured_media":328,"comment_status":"open","ping_status":"closed","template":"","meta":[],"product_brand":[],"product_cat":[15],"product_tag":[33,34,32],"class_list":{"0":"post-316","1":"product","2":"type-product","3":"status-publish","4":"has-post-thumbnail","6":"product_cat-unkategorisiert","7":"product_tag-feinmotorik","8":"product_tag-individuelles-foerdern","9":"product_tag-maria-montessori","11":"first","12":"instock","13":"shipping-taxable","14":"purchasable","15":"product-type-simple"},"jetpack_sharing_enabled":true,"_links":{"self":[{"href":"https:\/\/kitafuchs.com\/index.php?rest_route=\/wp\/v2\/product\/316","targetHints":{"allow":["GET"]}}],"collection":[{"href":"https:\/\/kitafuchs.com\/index.php?rest_route=\/wp\/v2\/product"}],"about":[{"href":"https:\/\/kitafuchs.com\/index.php?rest_route=\/wp\/v2\/types\/product"}],"replies":[{"embeddable":true,"href":"https:\/\/kitafuchs.com\/index.php?rest_route=%2Fwp%2Fv2%2Fcomments&post=316"}],"wp:featuredmedia":[{"embeddable":true,"href":"https:\/\/kitafuchs.com\/index.php?rest_route=\/wp\/v2\/media\/328"}],"wp:attachment":[{"href":"https:\/\/kitafuchs.com\/index.php?rest_route=%2Fwp%2Fv2%2Fmedia&parent=316"}],"wp:term":[{"taxonomy":"product_brand","embeddable":true,"href":"https:\/\/kitafuchs.com\/index.php?rest_route=%2Fwp%2Fv2%2Fproduct_brand&post=316"},{"taxonomy":"product_cat","embeddable":true,"href":"https:\/\/kitafuchs.com\/index.php?rest_route=%2Fwp%2Fv2%2Fproduct_cat&post=316"},{"taxonomy":"product_tag","embeddable":true,"href":"https:\/\/kitafuchs.com\/index.php?rest_route=%2Fwp%2Fv2%2Fproduct_tag&post=316"}],"curies":[{"name":"wp","href":"https:\/\/api.w.org\/{rel}","templated":true}]}}