{"id":410,"date":"2025-07-27T20:26:58","date_gmt":"2025-07-27T18:26:58","guid":{"rendered":"https:\/\/kitafuchs.com\/?post_type=product&#038;p=410"},"modified":"2025-07-27T20:28:42","modified_gmt":"2025-07-27T18:28:42","slug":"elternfuehrerschein-fuer-eltern-mit-kindern-von-0-6-jahren","status":"publish","type":"product","link":"https:\/\/kitafuchs.com\/?product=elternfuehrerschein-fuer-eltern-mit-kindern-von-0-6-jahren","title":{"rendered":"Elternf\u00fchrerschein- f\u00fcr Eltern mit Kindern von 0-6 Jahren"},"content":{"rendered":"<p>Dein Praxis- Guide f\u00fcr entspannte Erziehung!<\/p>\n<p>In 12 kurzen alltagsnahen Kapiteln erh\u00e4ltst du fundiertes Wissen, hilfreiche Tipps und viele Impulse rund um die Themen Bindung, Grenzen setzen, Selbstst\u00e4ndigkeit, Trotzalter, Schlaf, Ern\u00e4hrung und einiges mehr.<\/p>\n<p>Ideal f\u00fcr Eltern mit Kindern von 0-6 Jahren- sofort anwendbar im Familienalltag.<\/p>\n<p>Verfasserin:<\/p>\n<p>Bianka Feher,<\/p>\n<p>Dipl.- P\u00e4dagogin, Kitabetreiberin, Elterncoach &amp; Mitgr\u00fcnderin von Kitafuchs<\/p>\n","protected":false},"excerpt":{"rendered":"<p>Dein Praxis- Guide f\u00fcr entspannte Erziehung! In 12 kurzen alltagsnahen Kapiteln erh\u00e4ltst du fundiertes Wissen, hilfreiche Tipps und viele Impulse rund um die Themen Bindung, Grenzen setzen, Selbstst\u00e4ndigkeit, Trotzalter, Schlaf, Ern\u00e4hrung und einiges mehr. Ideal f\u00fcr Eltern mit Kindern von 0-6 Jahren- sofort anwendbar im Familienalltag. Verfasserin: Bianka Feher, Dipl.- P\u00e4dagogin, Kitabetreiberin, Elterncoach &amp; Mitgr\u00fcnderin [&hellip;]<\/p>\n","protected":false},"featured_media":411,"comment_status":"open","ping_status":"closed","template":"","meta":[],"product_brand":[],"product_cat":[15],"product_tag":[46,50,49,51],"class_list":{"0":"post-410","1":"product","2":"type-product","3":"status-publish","4":"has-post-thumbnail","6":"product_cat-unkategorisiert","7":"product_tag-elternratgeber","8":"product_tag-grenzen","9":"product_tag-kindererziehung","10":"product_tag-muetter","12":"first","13":"instock","14":"downloadable","15":"shipping-taxable","16":"purchasable","17":"product-type-simple"},"jetpack_sharing_enabled":true,"_links":{"self":[{"href":"https:\/\/kitafuchs.com\/index.php?rest_route=\/wp\/v2\/product\/410","targetHints":{"allow":["GET"]}}],"collection":[{"href":"https:\/\/kitafuchs.com\/index.php?rest_route=\/wp\/v2\/product"}],"about":[{"href":"https:\/\/kitafuchs.com\/index.php?rest_route=\/wp\/v2\/types\/product"}],"replies":[{"embeddable":true,"href":"https:\/\/kitafuchs.com\/index.php?rest_route=%2Fwp%2Fv2%2Fcomments&post=410"}],"wp:featuredmedia":[{"embeddable":true,"href":"https:\/\/kitafuchs.com\/index.php?rest_route=\/wp\/v2\/media\/411"}],"wp:attachment":[{"href":"https:\/\/kitafuchs.com\/index.php?rest_route=%2Fwp%2Fv2%2Fmedia&parent=410"}],"wp:term":[{"taxonomy":"product_brand","embeddable":true,"href":"https:\/\/kitafuchs.com\/index.php?rest_route=%2Fwp%2Fv2%2Fproduct_brand&post=410"},{"taxonomy":"product_cat","embeddable":true,"href":"https:\/\/kitafuchs.com\/index.php?rest_route=%2Fwp%2Fv2%2Fproduct_cat&post=410"},{"taxonomy":"product_tag","embeddable":true,"href":"https:\/\/kitafuchs.com\/index.php?rest_route=%2Fwp%2Fv2%2Fproduct_tag&post=410"}],"curies":[{"name":"wp","href":"https:\/\/api.w.org\/{rel}","templated":true}]}}