{"id":433,"date":"2025-08-31T16:13:15","date_gmt":"2025-08-31T14:13:15","guid":{"rendered":"https:\/\/kitafuchs.com\/?post_type=product&#038;p=433"},"modified":"2025-11-01T14:40:46","modified_gmt":"2025-11-01T13:40:46","slug":"kitafuchs-vorschulheft-ab-3-jahren","status":"publish","type":"product","link":"https:\/\/kitafuchs.com\/?product=kitafuchs-vorschulheft-ab-3-jahren","title":{"rendered":"Kitafuchs- Vorschulseiten ab 3,5 Jahren ; 75 Seiten"},"content":{"rendered":"<p>Deine Vorschulseiten f\u00fcr Kinder von 3,5- 6 Jahren<\/p>\n<p>Mit den Vorschulseiten erhalten Kinder ab ca. 3,5 Jahren abwechslungsreichen Seiten, die gezielt auf die F\u00f6rderung von Feinmotorik, Kognition, Konzentration und Selbstbewusstsein abzielen.<\/p>\n<p>Ideal f\u00fcr den t\u00e4glichen Einsatz &#8211; nur 15 Minuten am Tag reichen, um Kinder spielerisch auf die Schule vorzubereiten und sie gleichzeitig individuell zu f\u00f6rdern. Lege jede Seite in eine Klarsichtfolie und dein Kind kann mit abwischbaren Folienstifte jede Seite so oft, wie es m\u00f6chte bearbeiten. Jede Menge Spa\u00df ist vorprogrammiert!!!<\/p>\n<p>Das macht den Kitafuchs so besonders:<\/p>\n<ul>\n<li>Gezielte F\u00f6rderung von Feinmotorik, Kognition und Konzentration<\/li>\n<li>Buchstaben &amp; Zahlen zum Nachspuren<\/li>\n<li>Logikspiele, Mengen, Formen und Farben<\/li>\n<li>Schneide\u00fcbungen &amp; Ausmalbilder<\/li>\n<\/ul>\n<p>Anwendung:<\/p>\n<p>Bereits 15 Minuten t\u00e4glich reichen, um Kinder effektiv zu f\u00f6rdern &#8211; ideal f\u00fcr zu Hause.<\/p>\n<p>&nbsp;<\/p>\n<p>Erh\u00e4ltlich als:<\/p>\n<ul>\n<li>Download ( PDF) sofort verf\u00fcgbar<\/li>\n<\/ul>\n<p>&nbsp;<\/p>\n<p>&nbsp;<\/p>\n<p>&nbsp;<\/p>\n<p>&nbsp;<\/p>\n<p>&nbsp;<\/p>\n","protected":false},"excerpt":{"rendered":"<p>Das macht den Kitafuchs so besonders:<\/p>\n<ul>\n<li>Gezielte F\u00f6rderung von Feinmotorik, Kognition und Konzentration<\/li>\n<li>Buchstaben &amp; Zahlen zum Nachspuren<\/li>\n<li>Logikspiele, Mengen, Formen und Farben<\/li>\n<li>Schneide\u00fcbungen &amp; Ausmalbilder<\/li>\n<\/ul>\n<p>Anwendung:<\/p>\n<p>Bereits 15 Minuten t\u00e4glich reichen, um Kinder effektiv zu f\u00f6rdern &#8211; ideal f\u00fcr zu Hause.<\/p>\n<p>&nbsp;<\/p>\n<p>Erh\u00e4ltlich als:<\/p>\n<ul>\n<li>Download ( PDF) sofort verf\u00fcgbar<\/li>\n<li>Laminierte Version auf Anfrage, wiederverwendbar &amp; langlebig<\/li>\n<\/ul>\n","protected":false},"featured_media":440,"comment_status":"open","ping_status":"closed","template":"","meta":[],"product_brand":[],"product_cat":[15],"product_tag":[23,38,53,52,40,54,22],"class_list":{"0":"post-433","1":"product","2":"type-product","3":"status-publish","4":"has-post-thumbnail","6":"product_cat-unkategorisiert","7":"product_tag-buchstaben","8":"product_tag-feinmotorikuebungen","9":"product_tag-kitafuchs","10":"product_tag-vorschulbuch","11":"product_tag-vorschule","12":"product_tag-wiederverwendbare-seiten","13":"product_tag-zahlen","15":"first","16":"instock","17":"downloadable","18":"shipping-taxable","19":"purchasable","20":"product-type-simple"},"jetpack_sharing_enabled":true,"_links":{"self":[{"href":"https:\/\/kitafuchs.com\/index.php?rest_route=\/wp\/v2\/product\/433","targetHints":{"allow":["GET"]}}],"collection":[{"href":"https:\/\/kitafuchs.com\/index.php?rest_route=\/wp\/v2\/product"}],"about":[{"href":"https:\/\/kitafuchs.com\/index.php?rest_route=\/wp\/v2\/types\/product"}],"replies":[{"embeddable":true,"href":"https:\/\/kitafuchs.com\/index.php?rest_route=%2Fwp%2Fv2%2Fcomments&post=433"}],"wp:featuredmedia":[{"embeddable":true,"href":"https:\/\/kitafuchs.com\/index.php?rest_route=\/wp\/v2\/media\/440"}],"wp:attachment":[{"href":"https:\/\/kitafuchs.com\/index.php?rest_route=%2Fwp%2Fv2%2Fmedia&parent=433"}],"wp:term":[{"taxonomy":"product_brand","embeddable":true,"href":"https:\/\/kitafuchs.com\/index.php?rest_route=%2Fwp%2Fv2%2Fproduct_brand&post=433"},{"taxonomy":"product_cat","embeddable":true,"href":"https:\/\/kitafuchs.com\/index.php?rest_route=%2Fwp%2Fv2%2Fproduct_cat&post=433"},{"taxonomy":"product_tag","embeddable":true,"href":"https:\/\/kitafuchs.com\/index.php?rest_route=%2Fwp%2Fv2%2Fproduct_tag&post=433"}],"curies":[{"name":"wp","href":"https:\/\/api.w.org\/{rel}","templated":true}]}}